{"id":23,"date":"2024-11-15T02:41:26","date_gmt":"2024-11-15T02:41:26","guid":{"rendered":"https:\/\/comprarcoca.co\/?page_id=23"},"modified":"2024-11-15T02:41:26","modified_gmt":"2024-11-15T02:41:26","slug":"metatags8","status":"publish","type":"page","link":"https:\/\/comprarcoca.co\/?page_id=23","title":{"rendered":"metatags8"},"content":{"rendered":"<p>coca\u00edna Madrid, coca\u00edna en Madrid, uso de coca\u00edna en Madrid, coca\u00edna en la comunidad de Madrid, impacto de la coca\u00edna en Madrid, tratamiento para adicci\u00f3n\u00a0<span class=\"hljs-selector-tag\">a<\/span>\u00a0la coca\u00edna en Madrid, estad\u00edsticas de coca\u00edna en Madrid, mercado de coca\u00edna en Madrid,\u00a0<span class=\"hljs-selector-tag\">tr<\/span>\u00e1fico de coca\u00edna en Madrid, regulaci\u00f3n de coca\u00edna en Madrid, prevenci\u00f3n\u00a0<span class=\"hljs-selector-tag\">del<\/span>\u00a0consumo de coca\u00edna en Madrid, pol\u00edticas de coca\u00edna en Madrid, servicios de apoyo para adicci\u00f3n\u00a0<span class=\"hljs-selector-tag\">a<\/span>\u00a0la coca\u00edna en Madrid, cl\u00ednicas de desintoxicaci\u00f3n de coca\u00edna en Madrid, educaci\u00f3n sobre coca\u00edna en Madrid, investigaciones sobre coca\u00edna en Madrid, efectos de la coca\u00edna en Madrid, problemas sociales relacionados con la coca\u00edna en Madrid, coca\u00edna y salud\u00a0<span class=\"hljs-selector-tag\">p<\/span>\u00fablica en Madrid, recursos contra la adicci\u00f3n\u00a0<span class=\"hljs-selector-tag\">a<\/span>\u00a0la coca\u00edna en Madrid, estudios sobre coca\u00edna en Madrid, coca\u00edna en la ciudad de Madrid, intervenciones para adicci\u00f3n\u00a0<span class=\"hljs-selector-tag\">a<\/span>\u00a0la coca\u00edna en Madrid, coca\u00edna y seguridad en Madrid, impacto econ\u00f3mico de la coca\u00edna en Madrid, coca\u00edna y juventud en Madrid, coca\u00edna y criminalidad en Madrid, coca\u00edna en los barrios de Madrid, coca\u00edna y pol\u00edtica en Madrid, legislaci\u00f3n sobre coca\u00edna en Madrid, coca\u00edna y justicia en Madrid, prevenci\u00f3n de la coca\u00edna en la regi\u00f3n de Madrid, coca\u00edna en el \u00e1mbito laboral en Madrid, tratamiento integral para la adicci\u00f3n\u00a0<span class=\"hljs-selector-tag\">a<\/span>\u00a0la coca\u00edna en Madrid, coca\u00edna y salud<\/p>\n<div class='smartthreema_box'><img src='https:\/\/comprarcoca.co\/wp-content\/plugins\/smart-threema\/images\/floating-button-threema-klein.png' class='smartthreema_img'><a href='https:\/\/three.ma\/JHXT6HHA' target='_blank' class='smartthreema_link'>Please Download Threema App<\/a><br><div class='smartthreema_minimsg'>to your Mobile Device and click again<\/div><\/div>","protected":false},"excerpt":{"rendered":"<p>coca\u00edna Madrid, coca\u00edna en Madrid, uso de coca\u00edna en Madrid, coca\u00edna en la comunidad de Madrid, impacto de la coca\u00edna en Madrid, tratamiento para adicci\u00f3n\u00a0a\u00a0la coca\u00edna en Madrid, estad\u00edsticas de coca\u00edna en Madrid, mercado de coca\u00edna en Madrid,\u00a0tr\u00e1fico de coca\u00edna en Madrid, regulaci\u00f3n de coca\u00edna en Madrid, prevenci\u00f3n\u00a0del\u00a0consumo de coca\u00edna en Madrid, pol\u00edticas de coca\u00edna [&hellip;]<\/p>\n","protected":false},"author":1,"featured_media":0,"parent":0,"menu_order":0,"comment_status":"closed","ping_status":"closed","template":"","meta":{"footnotes":""},"class_list":["post-23","page","type-page","status-publish","hentry"],"yoast_head":"<!-- This site is optimized with the Yoast SEO plugin v27.5 - https:\/\/yoast.com\/product\/yoast-seo-wordpress\/ -->\n<title>metatags8 - comprar cocaina madrid \u2013 50 euros gramo \u2013 VENDO COCAINA EN MADRID \u2013 Env\u00edos a toda Espa\u00f1a \u2013 PANTERAROSA1772@GMAIL.COM \u2013 visita www.telecocamadrid.com en mano y envios \u2013 pillar coca en madrid \u2013 Nuevo whatsapp Telegram (Mejor) \u2013 Nuevo whatsapp y SIGNAL \u2013 Principal Whatsapp+34627158376 SIGNAL \u2013+34617763108 - whatsapp signal telegram \u2013 Threema: CJBZ5SZX \u2013 Nestor<\/title>\n<meta name=\"robots\" content=\"index, follow, max-snippet:-1, max-image-preview:large, max-video-preview:-1\" \/>\n<link rel=\"canonical\" href=\"https:\/\/comprarcoca.co\/?page_id=23\" \/>\n<meta property=\"og:locale\" content=\"es_ES\" \/>\n<meta property=\"og:type\" content=\"article\" \/>\n<meta property=\"og:title\" content=\"metatags8 - comprar cocaina madrid \u2013 50 euros gramo \u2013 VENDO COCAINA EN MADRID \u2013 Env\u00edos a toda Espa\u00f1a \u2013 PANTERAROSA1772@GMAIL.COM \u2013 visita www.telecocamadrid.com en mano y envios \u2013 pillar coca en madrid \u2013 Nuevo whatsapp Telegram (Mejor) \u2013 Nuevo whatsapp y SIGNAL \u2013 Principal Whatsapp+34627158376 SIGNAL \u2013+34617763108 - whatsapp signal telegram \u2013 Threema: CJBZ5SZX \u2013 Nestor\" \/>\n<meta property=\"og:description\" content=\"coca\u00edna Madrid, coca\u00edna en Madrid, uso de coca\u00edna en Madrid, coca\u00edna en la comunidad de Madrid, impacto de la coca\u00edna en Madrid, tratamiento para adicci\u00f3n\u00a0a\u00a0la coca\u00edna en Madrid, estad\u00edsticas de coca\u00edna en Madrid, mercado de coca\u00edna en Madrid,\u00a0tr\u00e1fico de coca\u00edna en Madrid, regulaci\u00f3n de coca\u00edna en Madrid, prevenci\u00f3n\u00a0del\u00a0consumo de coca\u00edna en Madrid, pol\u00edticas de coca\u00edna [&hellip;]\" \/>\n<meta property=\"og:url\" content=\"https:\/\/comprarcoca.co\/?page_id=23\" \/>\n<meta property=\"og:site_name\" content=\"comprar cocaina madrid \u2013 50 euros gramo \u2013 VENDO COCAINA EN MADRID \u2013 Env\u00edos a toda Espa\u00f1a \u2013 PANTERAROSA1772@GMAIL.COM \u2013 visita www.telecocamadrid.com en mano y envios \u2013 pillar coca en madrid \u2013 Nuevo whatsapp Telegram (Mejor) \u2013 Nuevo whatsapp y SIGNAL \u2013 Principal Whatsapp+34627158376 SIGNAL \u2013+34617763108 - whatsapp signal telegram \u2013 Threema: CJBZ5SZX \u2013 Nestor\" \/>\n<meta name=\"twitter:card\" content=\"summary_large_image\" \/>\n<meta name=\"twitter:label1\" content=\"Tiempo de lectura\" \/>\n\t<meta name=\"twitter:data1\" content=\"1 minuto\" \/>\n<script type=\"application\/ld+json\" class=\"yoast-schema-graph\">{\"@context\":\"https:\\\/\\\/schema.org\",\"@graph\":[{\"@type\":\"WebPage\",\"@id\":\"https:\\\/\\\/comprarcoca.co\\\/?page_id=23\",\"url\":\"https:\\\/\\\/comprarcoca.co\\\/?page_id=23\",\"name\":\"metatags8 - comprar cocaina madrid \u2013 50 euros gramo \u2013 VENDO COCAINA EN MADRID \u2013 Env\u00edos a toda Espa\u00f1a \u2013 PANTERAROSA1772@GMAIL.COM \u2013 visita www.telecocamadrid.com en mano y envios \u2013 pillar coca en madrid \u2013 Nuevo whatsapp Telegram (Mejor) \u2013 Nuevo whatsapp y SIGNAL \u2013 Principal Whatsapp+34627158376 SIGNAL \u2013+34617763108 - whatsapp signal telegram \u2013 Threema: CJBZ5SZX \u2013 Nestor\",\"isPartOf\":{\"@id\":\"https:\\\/\\\/comprarcoca.co\\\/#website\"},\"datePublished\":\"2024-11-15T02:41:26+00:00\",\"breadcrumb\":{\"@id\":\"https:\\\/\\\/comprarcoca.co\\\/?page_id=23#breadcrumb\"},\"inLanguage\":\"es\",\"potentialAction\":[{\"@type\":\"ReadAction\",\"target\":[\"https:\\\/\\\/comprarcoca.co\\\/?page_id=23\"]}]},{\"@type\":\"BreadcrumbList\",\"@id\":\"https:\\\/\\\/comprarcoca.co\\\/?page_id=23#breadcrumb\",\"itemListElement\":[{\"@type\":\"ListItem\",\"position\":1,\"name\":\"Portada\",\"item\":\"https:\\\/\\\/comprarcoca.co\\\/\"},{\"@type\":\"ListItem\",\"position\":2,\"name\":\"metatags8\"}]},{\"@type\":\"WebSite\",\"@id\":\"https:\\\/\\\/comprarcoca.co\\\/#website\",\"url\":\"https:\\\/\\\/comprarcoca.co\\\/\",\"name\":\"comprar cocaina madrid \u2013 50 euros gramo \u2013 VENDO COCAINA EN MADRID \u2013 Env\u00edos a toda Espa\u00f1a \u2013 PANTERAROSA1772@GMAIL.COM \u2013 visita www.telecocamadrid.com en mano y envios \u2013 pillar coca en madrid \u2013 Nuevo whatsapp Telegram (Mejor) \u2013 Nuevo whatsapp y SIGNAL \u2013 Principal Whatsapp+34627158376 SIGNAL \u2013 Jay \u2013 +34666268692 Whatsapp SIGNAL \u2013 Nestor\",\"description\":\"vendo coca a domicilio cordoba, vendo cocaina a domicilio cordoba, vendo coca a domicilio gijon, vendo cocaina a domicilio gijon, vendo coca a domicilio santander, vendo cocaina a domicilio santander, vendo coca a domicilio logro\u00f1o, vendo cocaina a domicilio logro\u00f1o,  visita www.telecocamadrid.comvendo coca a domicilio teruel, vendo cocaina a domicilio teruel, vendo coca a domicilio santa cruz de tenerife, vendo cocaina a domicilio santa cruz de tenerife, vendo coca a domicilio alcala de henares, vendo cocaina a domicilio alcala de henares, vendo coca a domicilio vigo, vendo cocaina a domicilio vigo, ven do coca a domicilio guadalajara, vendo cocaina a domicilio guadalajara, vendo coca a domicilio murcia, vendo cocaina a domicilio murcioa, vendo coca a domicilio almeria, vendo cocaina a domicilio almeria, vendo coca a comprar farlopa en barcelona domicilio leon, vendo cocaina a domicilio leon, vendo coca a domicilio zamora, vendo cocaina a domicilio zamora, vendo coca a domicilio castellon de la plana, vendo cocaina a domicilio castellon de la plana, vendo coca a domicilio albacete, compro cocaina a domicilio albacete, vendo coca a domicilio ciudad real, vendo cocaina a domicilio ciudad real, vendo coca a domicilio orense, vendo cocaina a domicilio orense, vendo coca a domicilio cartagena, vendo cocaina a domicilio cartagena, vendo coca a domicilio huelva, vendo cocaina a domicilio huelva, vendo coca a domicilio jerez de la frontera, vendo cocaina a domicilio jerez de la frontera, vendo coca a domicilio soria, vendo cocaina a domicilio soria comprar coca en Madrid, comprar coca en \u00abEspa\u00f1a\u00bb, venta de coca\u00edna, como comprar coca, como comprar coca domicilio, donde comprar coca, donde consigo coca, comprar coca\u00edna, donde puedo conseguir coca\u00edna, necesito comprar coca\u00edna, necesito compra coca,\",\"publisher\":{\"@id\":\"https:\\\/\\\/comprarcoca.co\\\/#organization\"},\"potentialAction\":[{\"@type\":\"SearchAction\",\"target\":{\"@type\":\"EntryPoint\",\"urlTemplate\":\"https:\\\/\\\/comprarcoca.co\\\/?s={search_term_string}\"},\"query-input\":{\"@type\":\"PropertyValueSpecification\",\"valueRequired\":true,\"valueName\":\"search_term_string\"}}],\"inLanguage\":\"es\"},{\"@type\":\"Organization\",\"@id\":\"https:\\\/\\\/comprarcoca.co\\\/#organization\",\"name\":\"comprar cocaina madrid \u2013 50 euros gramo \u2013 VENDO COCAINA EN MADRID \u2013 Env\u00edos a toda Espa\u00f1a \u2013 PANTERAROSA1772@GMAIL.COM \u2013 visita www.telecocamadrid.com en mano y envios \u2013 pillar coca en madrid \u2013 Nuevo whatsapp Telegram (Mejor) \u2013 Nuevo whatsapp y SIGNAL \u2013 Principal Whatsapp+34627158376 SIGNAL \u2013 Jay \u2013 +34666268692 Whatsapp SIGNAL \u2013 Nestor\",\"url\":\"https:\\\/\\\/comprarcoca.co\\\/\",\"logo\":{\"@type\":\"ImageObject\",\"inLanguage\":\"es\",\"@id\":\"https:\\\/\\\/comprarcoca.co\\\/#\\\/schema\\\/logo\\\/image\\\/\",\"url\":\"https:\\\/\\\/comprarcoca.co\\\/wp-content\\\/uploads\\\/2024\\\/11\\\/cropped-ketamine2.jpg\",\"contentUrl\":\"https:\\\/\\\/comprarcoca.co\\\/wp-content\\\/uploads\\\/2024\\\/11\\\/cropped-ketamine2.jpg\",\"width\":512,\"height\":512,\"caption\":\"comprar cocaina madrid \u2013 50 euros gramo \u2013 VENDO COCAINA EN MADRID \u2013 Env\u00edos a toda Espa\u00f1a \u2013 PANTERAROSA1772@GMAIL.COM \u2013 visita www.telecocamadrid.com en mano y envios \u2013 pillar coca en madrid \u2013 Nuevo whatsapp Telegram (Mejor) \u2013 Nuevo whatsapp y SIGNAL \u2013 Principal Whatsapp+34627158376 SIGNAL \u2013 Jay \u2013 +34666268692 Whatsapp SIGNAL \u2013 Nestor\"},\"image\":{\"@id\":\"https:\\\/\\\/comprarcoca.co\\\/#\\\/schema\\\/logo\\\/image\\\/\"}}]}<\/script>\n<!-- \/ Yoast SEO plugin. -->","yoast_head_json":{"title":"metatags8 - comprar cocaina madrid \u2013 50 euros gramo \u2013 VENDO COCAINA EN MADRID \u2013 Env\u00edos a toda Espa\u00f1a \u2013 PANTERAROSA1772@GMAIL.COM \u2013 visita www.telecocamadrid.com en mano y envios \u2013 pillar coca en madrid \u2013 Nuevo whatsapp Telegram (Mejor) \u2013 Nuevo whatsapp y SIGNAL \u2013 Principal Whatsapp+34627158376 SIGNAL \u2013+34617763108 - whatsapp signal telegram \u2013 Threema: CJBZ5SZX \u2013 Nestor","robots":{"index":"index","follow":"follow","max-snippet":"max-snippet:-1","max-image-preview":"max-image-preview:large","max-video-preview":"max-video-preview:-1"},"canonical":"https:\/\/comprarcoca.co\/?page_id=23","og_locale":"es_ES","og_type":"article","og_title":"metatags8 - comprar cocaina madrid \u2013 50 euros gramo \u2013 VENDO COCAINA EN MADRID \u2013 Env\u00edos a toda Espa\u00f1a \u2013 PANTERAROSA1772@GMAIL.COM \u2013 visita www.telecocamadrid.com en mano y envios \u2013 pillar coca en madrid \u2013 Nuevo whatsapp Telegram (Mejor) \u2013 Nuevo whatsapp y SIGNAL \u2013 Principal Whatsapp+34627158376 SIGNAL \u2013+34617763108 - whatsapp signal telegram \u2013 Threema: CJBZ5SZX \u2013 Nestor","og_description":"coca\u00edna Madrid, coca\u00edna en Madrid, uso de coca\u00edna en Madrid, coca\u00edna en la comunidad de Madrid, impacto de la coca\u00edna en Madrid, tratamiento para adicci\u00f3n\u00a0a\u00a0la coca\u00edna en Madrid, estad\u00edsticas de coca\u00edna en Madrid, mercado de coca\u00edna en Madrid,\u00a0tr\u00e1fico de coca\u00edna en Madrid, regulaci\u00f3n de coca\u00edna en Madrid, prevenci\u00f3n\u00a0del\u00a0consumo de coca\u00edna en Madrid, pol\u00edticas de coca\u00edna [&hellip;]","og_url":"https:\/\/comprarcoca.co\/?page_id=23","og_site_name":"comprar cocaina madrid \u2013 50 euros gramo \u2013 VENDO COCAINA EN MADRID \u2013 Env\u00edos a toda Espa\u00f1a \u2013 PANTERAROSA1772@GMAIL.COM \u2013 visita www.telecocamadrid.com en mano y envios \u2013 pillar coca en madrid \u2013 Nuevo whatsapp Telegram (Mejor) \u2013 Nuevo whatsapp y SIGNAL \u2013 Principal Whatsapp+34627158376 SIGNAL \u2013+34617763108 - whatsapp signal telegram \u2013 Threema: CJBZ5SZX \u2013 Nestor","twitter_card":"summary_large_image","twitter_misc":{"Tiempo de lectura":"1 minuto"},"schema":{"@context":"https:\/\/schema.org","@graph":[{"@type":"WebPage","@id":"https:\/\/comprarcoca.co\/?page_id=23","url":"https:\/\/comprarcoca.co\/?page_id=23","name":"metatags8 - comprar cocaina madrid \u2013 50 euros gramo \u2013 VENDO COCAINA EN MADRID \u2013 Env\u00edos a toda Espa\u00f1a \u2013 PANTERAROSA1772@GMAIL.COM \u2013 visita www.telecocamadrid.com en mano y envios \u2013 pillar coca en madrid \u2013 Nuevo whatsapp Telegram (Mejor) \u2013 Nuevo whatsapp y SIGNAL \u2013 Principal Whatsapp+34627158376 SIGNAL \u2013+34617763108 - whatsapp signal telegram \u2013 Threema: CJBZ5SZX \u2013 Nestor","isPartOf":{"@id":"https:\/\/comprarcoca.co\/#website"},"datePublished":"2024-11-15T02:41:26+00:00","breadcrumb":{"@id":"https:\/\/comprarcoca.co\/?page_id=23#breadcrumb"},"inLanguage":"es","potentialAction":[{"@type":"ReadAction","target":["https:\/\/comprarcoca.co\/?page_id=23"]}]},{"@type":"BreadcrumbList","@id":"https:\/\/comprarcoca.co\/?page_id=23#breadcrumb","itemListElement":[{"@type":"ListItem","position":1,"name":"Portada","item":"https:\/\/comprarcoca.co\/"},{"@type":"ListItem","position":2,"name":"metatags8"}]},{"@type":"WebSite","@id":"https:\/\/comprarcoca.co\/#website","url":"https:\/\/comprarcoca.co\/","name":"comprar cocaina madrid \u2013 50 euros gramo \u2013 VENDO COCAINA EN MADRID \u2013 Env\u00edos a toda Espa\u00f1a \u2013 PANTERAROSA1772@GMAIL.COM \u2013 visita www.telecocamadrid.com en mano y envios \u2013 pillar coca en madrid \u2013 Nuevo whatsapp Telegram (Mejor) \u2013 Nuevo whatsapp y SIGNAL \u2013 Principal Whatsapp+34627158376 SIGNAL \u2013 Jay \u2013 +34666268692 Whatsapp SIGNAL \u2013 Nestor","description":"vendo coca a domicilio cordoba, vendo cocaina a domicilio cordoba, vendo coca a domicilio gijon, vendo cocaina a domicilio gijon, vendo coca a domicilio santander, vendo cocaina a domicilio santander, vendo coca a domicilio logro\u00f1o, vendo cocaina a domicilio logro\u00f1o,  visita www.telecocamadrid.comvendo coca a domicilio teruel, vendo cocaina a domicilio teruel, vendo coca a domicilio santa cruz de tenerife, vendo cocaina a domicilio santa cruz de tenerife, vendo coca a domicilio alcala de henares, vendo cocaina a domicilio alcala de henares, vendo coca a domicilio vigo, vendo cocaina a domicilio vigo, ven do coca a domicilio guadalajara, vendo cocaina a domicilio guadalajara, vendo coca a domicilio murcia, vendo cocaina a domicilio murcioa, vendo coca a domicilio almeria, vendo cocaina a domicilio almeria, vendo coca a comprar farlopa en barcelona domicilio leon, vendo cocaina a domicilio leon, vendo coca a domicilio zamora, vendo cocaina a domicilio zamora, vendo coca a domicilio castellon de la plana, vendo cocaina a domicilio castellon de la plana, vendo coca a domicilio albacete, compro cocaina a domicilio albacete, vendo coca a domicilio ciudad real, vendo cocaina a domicilio ciudad real, vendo coca a domicilio orense, vendo cocaina a domicilio orense, vendo coca a domicilio cartagena, vendo cocaina a domicilio cartagena, vendo coca a domicilio huelva, vendo cocaina a domicilio huelva, vendo coca a domicilio jerez de la frontera, vendo cocaina a domicilio jerez de la frontera, vendo coca a domicilio soria, vendo cocaina a domicilio soria comprar coca en Madrid, comprar coca en \u00abEspa\u00f1a\u00bb, venta de coca\u00edna, como comprar coca, como comprar coca domicilio, donde comprar coca, donde consigo coca, comprar coca\u00edna, donde puedo conseguir coca\u00edna, necesito comprar coca\u00edna, necesito compra coca,","publisher":{"@id":"https:\/\/comprarcoca.co\/#organization"},"potentialAction":[{"@type":"SearchAction","target":{"@type":"EntryPoint","urlTemplate":"https:\/\/comprarcoca.co\/?s={search_term_string}"},"query-input":{"@type":"PropertyValueSpecification","valueRequired":true,"valueName":"search_term_string"}}],"inLanguage":"es"},{"@type":"Organization","@id":"https:\/\/comprarcoca.co\/#organization","name":"comprar cocaina madrid \u2013 50 euros gramo \u2013 VENDO COCAINA EN MADRID \u2013 Env\u00edos a toda Espa\u00f1a \u2013 PANTERAROSA1772@GMAIL.COM \u2013 visita www.telecocamadrid.com en mano y envios \u2013 pillar coca en madrid \u2013 Nuevo whatsapp Telegram (Mejor) \u2013 Nuevo whatsapp y SIGNAL \u2013 Principal Whatsapp+34627158376 SIGNAL \u2013 Jay \u2013 +34666268692 Whatsapp SIGNAL \u2013 Nestor","url":"https:\/\/comprarcoca.co\/","logo":{"@type":"ImageObject","inLanguage":"es","@id":"https:\/\/comprarcoca.co\/#\/schema\/logo\/image\/","url":"https:\/\/comprarcoca.co\/wp-content\/uploads\/2024\/11\/cropped-ketamine2.jpg","contentUrl":"https:\/\/comprarcoca.co\/wp-content\/uploads\/2024\/11\/cropped-ketamine2.jpg","width":512,"height":512,"caption":"comprar cocaina madrid \u2013 50 euros gramo \u2013 VENDO COCAINA EN MADRID \u2013 Env\u00edos a toda Espa\u00f1a \u2013 PANTERAROSA1772@GMAIL.COM \u2013 visita www.telecocamadrid.com en mano y envios \u2013 pillar coca en madrid \u2013 Nuevo whatsapp Telegram (Mejor) \u2013 Nuevo whatsapp y SIGNAL \u2013 Principal Whatsapp+34627158376 SIGNAL \u2013 Jay \u2013 +34666268692 Whatsapp SIGNAL \u2013 Nestor"},"image":{"@id":"https:\/\/comprarcoca.co\/#\/schema\/logo\/image\/"}}]}},"_links":{"self":[{"href":"https:\/\/comprarcoca.co\/index.php?rest_route=\/wp\/v2\/pages\/23","targetHints":{"allow":["GET"]}}],"collection":[{"href":"https:\/\/comprarcoca.co\/index.php?rest_route=\/wp\/v2\/pages"}],"about":[{"href":"https:\/\/comprarcoca.co\/index.php?rest_route=\/wp\/v2\/types\/page"}],"author":[{"embeddable":true,"href":"https:\/\/comprarcoca.co\/index.php?rest_route=\/wp\/v2\/users\/1"}],"replies":[{"embeddable":true,"href":"https:\/\/comprarcoca.co\/index.php?rest_route=%2Fwp%2Fv2%2Fcomments&post=23"}],"version-history":[{"count":0,"href":"https:\/\/comprarcoca.co\/index.php?rest_route=\/wp\/v2\/pages\/23\/revisions"}],"wp:attachment":[{"href":"https:\/\/comprarcoca.co\/index.php?rest_route=%2Fwp%2Fv2%2Fmedia&parent=23"}],"curies":[{"name":"wp","href":"https:\/\/api.w.org\/{rel}","templated":true}]}}