{"id":21,"date":"2024-11-15T02:41:12","date_gmt":"2024-11-15T02:41:12","guid":{"rendered":"https:\/\/comprarcoca.co\/?page_id=21"},"modified":"2024-11-15T02:41:12","modified_gmt":"2024-11-15T02:41:12","slug":"metatags3","status":"publish","type":"page","link":"https:\/\/comprarcoca.co\/?page_id=21","title":{"rendered":"metatags3"},"content":{"rendered":"<h3 class=\"wp-block-heading\">FARLOPA A DOMICILIO EN MADRID, ESPA\u00d1A<\/h3>\n<p>Comprar coca en Madrid, coca\u00edna, farlopa a domicilio en Madrid. Entregas a domicilio en Acacias, Adelfas, Aeropuerto, Alameda de Osuna, Almagro, Almenara, Almendrales, Aluche, Amposta, Ap\u00f3stol Santiago, Arapiles, Aravaca, Arcos, Arganzuela, Atalaya, Atocha, Barajas, Barrio de la Estrella, Barrio de las Letras, Bellas Vistas, Berruguete, Buenavista, Butarque, Campamento, Canillas, Canillejas, Carabanchel, Casa de Campo, Casco Hist\u00f3rico de Barajas, Casco Hist\u00f3rico de Vallecas, Castellana, Castilla, Castro, Chamart\u00edn, Chamber\u00ed, Chueca, Ciudad Jard\u00edn, Ciudad Lineal, Ciudad Universitaria, Colina, Colmenar Viejo, Colonia Marconi, Colonia San Ignacio de Loyola, Concepci\u00f3n, Conde Orgaz, Corralejos, Cortes, Cuatro Caminos, Cuatro Torres, Cuzco, Delicias, El Carmen, El Goloso, El Pardo, El Plant\u00edo, El Viso, El\u00edptica, Embajadores, Entrev\u00edas, Estrella, Fuencarral, Fuente del Berro, Gaztambide, Goya, Gran V\u00eda, Guindalera, Hell\u00edn, Hortaleza, Ibiza, Imperial.<\/p>\n<h4 class=\"wp-block-heading\">DONDE COMPRAR FARLOPA EN MADRID, ESPA\u00d1A<\/h4>\n<p>Jer\u00f3nimos, Justicia, La Alegr\u00eda, La Chopera, La Guindalera, La Latina, La Paz, La Prosperidad, Las Aguilas, Las C\u00e1rcavas, Las Letras, Las Rosas, Las Tablas, Lavapi\u00e9s, Legazpi, Lista, Los Angeles, Los C\u00e1rmenes, Los Jer\u00f3nimos, Los Molinos, Los Rosales, Lucero, Malasa\u00f1a, Marroquina, Media Legua, Mirasierra, Moncloa, Montecarmelo, Moratalaz, Moscard\u00f3, Ni\u00f1o Jes\u00fas, Nueva Espa\u00f1a, Nuevos Ministerios, Numancia, Opa\u00f1el, Orcasitas, Orcasur, Pac\u00edfico, Palacio, Palomas, Palos de Moguer, Palos de la Frontera, Pardo, Pavones, Pe\u00f1a Grande, Pe\u00f1agrande, Pilar, Pinar del Rey, Piovera, Pir\u00e1mides, Portazgo, Pozo, Pradolongo, Pr\u00edncipe de Vergara, Pr\u00edncipe P\u00edo, Prosperidad, Puente de Vallecas, Quintana, Recoletos, Rejas, R\u00edos Rosas, Rosas, Salvador, San Andr\u00e9s, San Blas, San Crist\u00f3bal, San Diego, San Ferm\u00edn, San Isidro, San Juan Bautista, San Pascual, San Roque, Santa Eugenia, Simancas, Sol, Tim\u00f3n, Trafalgar, Universidad, Valdeacederas, Valdebernardo, Valdefuentes, Valdemar\u00edn, Valdezarza, Vallecas, Valverde, Ventas, Vi\u00f1egra, Villaverde, Vinateros, Vista Alegre, Zof\u00edo en Madrid, Espa\u00f1a.<\/p>\n<div class='smartthreema_box'><img src='https:\/\/comprarcoca.co\/wp-content\/plugins\/smart-threema\/images\/floating-button-threema-klein.png' class='smartthreema_img'><a href='https:\/\/three.ma\/JHXT6HHA' target='_blank' class='smartthreema_link'>Please Download Threema App<\/a><br><div class='smartthreema_minimsg'>to your Mobile Device and click again<\/div><\/div>","protected":false},"excerpt":{"rendered":"<p>FARLOPA A DOMICILIO EN MADRID, ESPA\u00d1A Comprar coca en Madrid, coca\u00edna, farlopa a domicilio en Madrid. Entregas a domicilio en Acacias, Adelfas, Aeropuerto, Alameda de Osuna, Almagro, Almenara, Almendrales, Aluche, Amposta, Ap\u00f3stol Santiago, Arapiles, Aravaca, Arcos, Arganzuela, Atalaya, Atocha, Barajas, Barrio de la Estrella, Barrio de las Letras, Bellas Vistas, Berruguete, Buenavista, Butarque, Campamento, Canillas, [&hellip;]<\/p>\n","protected":false},"author":1,"featured_media":0,"parent":0,"menu_order":0,"comment_status":"closed","ping_status":"closed","template":"","meta":{"footnotes":""},"class_list":["post-21","page","type-page","status-publish","hentry"],"yoast_head":"<!-- This site is optimized with the Yoast SEO plugin v27.3 - https:\/\/yoast.com\/product\/yoast-seo-wordpress\/ -->\n<title>metatags3 - comprar cocaina madrid \u2013 50 euros gramo \u2013 VENDO COCAINA EN MADRID \u2013 Env\u00edos a toda Espa\u00f1a \u2013 PANTERAROSA1772@GMAIL.COM \u2013 visita www.telecocamadrid.com en mano y envios \u2013 pillar coca en madrid \u2013 Nuevo whatsapp Telegram (Mejor) \u2013 Nuevo whatsapp y SIGNAL \u2013 Principal Whatsapp+34627158376 SIGNAL \u2013+34617763108 - whatsapp signal telegram \u2013 Threema: CJBZ5SZX \u2013 Nestor<\/title>\n<meta name=\"robots\" content=\"index, follow, max-snippet:-1, max-image-preview:large, max-video-preview:-1\" \/>\n<link rel=\"canonical\" href=\"https:\/\/comprarcoca.co\/?page_id=21\" \/>\n<meta property=\"og:locale\" content=\"es_ES\" \/>\n<meta property=\"og:type\" content=\"article\" \/>\n<meta property=\"og:title\" content=\"metatags3 - comprar cocaina madrid \u2013 50 euros gramo \u2013 VENDO COCAINA EN MADRID \u2013 Env\u00edos a toda Espa\u00f1a \u2013 PANTERAROSA1772@GMAIL.COM \u2013 visita www.telecocamadrid.com en mano y envios \u2013 pillar coca en madrid \u2013 Nuevo whatsapp Telegram (Mejor) \u2013 Nuevo whatsapp y SIGNAL \u2013 Principal Whatsapp+34627158376 SIGNAL \u2013+34617763108 - whatsapp signal telegram \u2013 Threema: CJBZ5SZX \u2013 Nestor\" \/>\n<meta property=\"og:description\" content=\"FARLOPA A DOMICILIO EN MADRID, ESPA\u00d1A Comprar coca en Madrid, coca\u00edna, farlopa a domicilio en Madrid. Entregas a domicilio en Acacias, Adelfas, Aeropuerto, Alameda de Osuna, Almagro, Almenara, Almendrales, Aluche, Amposta, Ap\u00f3stol Santiago, Arapiles, Aravaca, Arcos, Arganzuela, Atalaya, Atocha, Barajas, Barrio de la Estrella, Barrio de las Letras, Bellas Vistas, Berruguete, Buenavista, Butarque, Campamento, Canillas, [&hellip;]\" \/>\n<meta property=\"og:url\" content=\"https:\/\/comprarcoca.co\/?page_id=21\" \/>\n<meta property=\"og:site_name\" content=\"comprar cocaina madrid \u2013 50 euros gramo \u2013 VENDO COCAINA EN MADRID \u2013 Env\u00edos a toda Espa\u00f1a \u2013 PANTERAROSA1772@GMAIL.COM \u2013 visita www.telecocamadrid.com en mano y envios \u2013 pillar coca en madrid \u2013 Nuevo whatsapp Telegram (Mejor) \u2013 Nuevo whatsapp y SIGNAL \u2013 Principal Whatsapp+34627158376 SIGNAL \u2013+34617763108 - whatsapp signal telegram \u2013 Threema: CJBZ5SZX \u2013 Nestor\" \/>\n<meta name=\"twitter:card\" content=\"summary_large_image\" \/>\n<meta name=\"twitter:label1\" content=\"Tiempo de lectura\" \/>\n\t<meta name=\"twitter:data1\" content=\"2 minutos\" \/>\n<script type=\"application\/ld+json\" class=\"yoast-schema-graph\">{\"@context\":\"https:\\\/\\\/schema.org\",\"@graph\":[{\"@type\":\"WebPage\",\"@id\":\"https:\\\/\\\/comprarcoca.co\\\/?page_id=21\",\"url\":\"https:\\\/\\\/comprarcoca.co\\\/?page_id=21\",\"name\":\"metatags3 - comprar cocaina madrid \u2013 50 euros gramo \u2013 VENDO COCAINA EN MADRID \u2013 Env\u00edos a toda Espa\u00f1a \u2013 PANTERAROSA1772@GMAIL.COM \u2013 visita www.telecocamadrid.com en mano y envios \u2013 pillar coca en madrid \u2013 Nuevo whatsapp Telegram (Mejor) \u2013 Nuevo whatsapp y SIGNAL \u2013 Principal Whatsapp+34627158376 SIGNAL \u2013+34617763108 - whatsapp signal telegram \u2013 Threema: CJBZ5SZX \u2013 Nestor\",\"isPartOf\":{\"@id\":\"https:\\\/\\\/comprarcoca.co\\\/#website\"},\"datePublished\":\"2024-11-15T02:41:12+00:00\",\"breadcrumb\":{\"@id\":\"https:\\\/\\\/comprarcoca.co\\\/?page_id=21#breadcrumb\"},\"inLanguage\":\"es\",\"potentialAction\":[{\"@type\":\"ReadAction\",\"target\":[\"https:\\\/\\\/comprarcoca.co\\\/?page_id=21\"]}]},{\"@type\":\"BreadcrumbList\",\"@id\":\"https:\\\/\\\/comprarcoca.co\\\/?page_id=21#breadcrumb\",\"itemListElement\":[{\"@type\":\"ListItem\",\"position\":1,\"name\":\"Portada\",\"item\":\"https:\\\/\\\/comprarcoca.co\\\/\"},{\"@type\":\"ListItem\",\"position\":2,\"name\":\"metatags3\"}]},{\"@type\":\"WebSite\",\"@id\":\"https:\\\/\\\/comprarcoca.co\\\/#website\",\"url\":\"https:\\\/\\\/comprarcoca.co\\\/\",\"name\":\"comprar cocaina madrid \u2013 50 euros gramo \u2013 VENDO COCAINA EN MADRID \u2013 Env\u00edos a toda Espa\u00f1a \u2013 PANTERAROSA1772@GMAIL.COM \u2013 visita www.telecocamadrid.com en mano y envios \u2013 pillar coca en madrid \u2013 Nuevo whatsapp Telegram (Mejor) \u2013 Nuevo whatsapp y SIGNAL \u2013 Principal Whatsapp+34627158376 SIGNAL \u2013 Jay \u2013 +34666268692 Whatsapp SIGNAL \u2013 Nestor\",\"description\":\"vendo coca a domicilio cordoba, vendo cocaina a domicilio cordoba, vendo coca a domicilio gijon, vendo cocaina a domicilio gijon, vendo coca a domicilio santander, vendo cocaina a domicilio santander, vendo coca a domicilio logro\u00f1o, vendo cocaina a domicilio logro\u00f1o,  visita www.telecocamadrid.comvendo coca a domicilio teruel, vendo cocaina a domicilio teruel, vendo coca a domicilio santa cruz de tenerife, vendo cocaina a domicilio santa cruz de tenerife, vendo coca a domicilio alcala de henares, vendo cocaina a domicilio alcala de henares, vendo coca a domicilio vigo, vendo cocaina a domicilio vigo, ven do coca a domicilio guadalajara, vendo cocaina a domicilio guadalajara, vendo coca a domicilio murcia, vendo cocaina a domicilio murcioa, vendo coca a domicilio almeria, vendo cocaina a domicilio almeria, vendo coca a comprar farlopa en barcelona domicilio leon, vendo cocaina a domicilio leon, vendo coca a domicilio zamora, vendo cocaina a domicilio zamora, vendo coca a domicilio castellon de la plana, vendo cocaina a domicilio castellon de la plana, vendo coca a domicilio albacete, compro cocaina a domicilio albacete, vendo coca a domicilio ciudad real, vendo cocaina a domicilio ciudad real, vendo coca a domicilio orense, vendo cocaina a domicilio orense, vendo coca a domicilio cartagena, vendo cocaina a domicilio cartagena, vendo coca a domicilio huelva, vendo cocaina a domicilio huelva, vendo coca a domicilio jerez de la frontera, vendo cocaina a domicilio jerez de la frontera, vendo coca a domicilio soria, vendo cocaina a domicilio soria comprar coca en Madrid, comprar coca en \u00abEspa\u00f1a\u00bb, venta de coca\u00edna, como comprar coca, como comprar coca domicilio, donde comprar coca, donde consigo coca, comprar coca\u00edna, donde puedo conseguir coca\u00edna, necesito comprar coca\u00edna, necesito compra coca,\",\"publisher\":{\"@id\":\"https:\\\/\\\/comprarcoca.co\\\/#organization\"},\"potentialAction\":[{\"@type\":\"SearchAction\",\"target\":{\"@type\":\"EntryPoint\",\"urlTemplate\":\"https:\\\/\\\/comprarcoca.co\\\/?s={search_term_string}\"},\"query-input\":{\"@type\":\"PropertyValueSpecification\",\"valueRequired\":true,\"valueName\":\"search_term_string\"}}],\"inLanguage\":\"es\"},{\"@type\":\"Organization\",\"@id\":\"https:\\\/\\\/comprarcoca.co\\\/#organization\",\"name\":\"comprar cocaina madrid \u2013 50 euros gramo \u2013 VENDO COCAINA EN MADRID \u2013 Env\u00edos a toda Espa\u00f1a \u2013 PANTERAROSA1772@GMAIL.COM \u2013 visita www.telecocamadrid.com en mano y envios \u2013 pillar coca en madrid \u2013 Nuevo whatsapp Telegram (Mejor) \u2013 Nuevo whatsapp y SIGNAL \u2013 Principal Whatsapp+34627158376 SIGNAL \u2013 Jay \u2013 +34666268692 Whatsapp SIGNAL \u2013 Nestor\",\"url\":\"https:\\\/\\\/comprarcoca.co\\\/\",\"logo\":{\"@type\":\"ImageObject\",\"inLanguage\":\"es\",\"@id\":\"https:\\\/\\\/comprarcoca.co\\\/#\\\/schema\\\/logo\\\/image\\\/\",\"url\":\"https:\\\/\\\/comprarcoca.co\\\/wp-content\\\/uploads\\\/2024\\\/11\\\/cropped-ketamine2.jpg\",\"contentUrl\":\"https:\\\/\\\/comprarcoca.co\\\/wp-content\\\/uploads\\\/2024\\\/11\\\/cropped-ketamine2.jpg\",\"width\":512,\"height\":512,\"caption\":\"comprar cocaina madrid \u2013 50 euros gramo \u2013 VENDO COCAINA EN MADRID \u2013 Env\u00edos a toda Espa\u00f1a \u2013 PANTERAROSA1772@GMAIL.COM \u2013 visita www.telecocamadrid.com en mano y envios \u2013 pillar coca en madrid \u2013 Nuevo whatsapp Telegram (Mejor) \u2013 Nuevo whatsapp y SIGNAL \u2013 Principal Whatsapp+34627158376 SIGNAL \u2013 Jay \u2013 +34666268692 Whatsapp SIGNAL \u2013 Nestor\"},\"image\":{\"@id\":\"https:\\\/\\\/comprarcoca.co\\\/#\\\/schema\\\/logo\\\/image\\\/\"}}]}<\/script>\n<!-- \/ Yoast SEO plugin. -->","yoast_head_json":{"title":"metatags3 - comprar cocaina madrid \u2013 50 euros gramo \u2013 VENDO COCAINA EN MADRID \u2013 Env\u00edos a toda Espa\u00f1a \u2013 PANTERAROSA1772@GMAIL.COM \u2013 visita www.telecocamadrid.com en mano y envios \u2013 pillar coca en madrid \u2013 Nuevo whatsapp Telegram (Mejor) \u2013 Nuevo whatsapp y SIGNAL \u2013 Principal Whatsapp+34627158376 SIGNAL \u2013+34617763108 - whatsapp signal telegram \u2013 Threema: CJBZ5SZX \u2013 Nestor","robots":{"index":"index","follow":"follow","max-snippet":"max-snippet:-1","max-image-preview":"max-image-preview:large","max-video-preview":"max-video-preview:-1"},"canonical":"https:\/\/comprarcoca.co\/?page_id=21","og_locale":"es_ES","og_type":"article","og_title":"metatags3 - comprar cocaina madrid \u2013 50 euros gramo \u2013 VENDO COCAINA EN MADRID \u2013 Env\u00edos a toda Espa\u00f1a \u2013 PANTERAROSA1772@GMAIL.COM \u2013 visita www.telecocamadrid.com en mano y envios \u2013 pillar coca en madrid \u2013 Nuevo whatsapp Telegram (Mejor) \u2013 Nuevo whatsapp y SIGNAL \u2013 Principal Whatsapp+34627158376 SIGNAL \u2013+34617763108 - whatsapp signal telegram \u2013 Threema: CJBZ5SZX \u2013 Nestor","og_description":"FARLOPA A DOMICILIO EN MADRID, ESPA\u00d1A Comprar coca en Madrid, coca\u00edna, farlopa a domicilio en Madrid. Entregas a domicilio en Acacias, Adelfas, Aeropuerto, Alameda de Osuna, Almagro, Almenara, Almendrales, Aluche, Amposta, Ap\u00f3stol Santiago, Arapiles, Aravaca, Arcos, Arganzuela, Atalaya, Atocha, Barajas, Barrio de la Estrella, Barrio de las Letras, Bellas Vistas, Berruguete, Buenavista, Butarque, Campamento, Canillas, [&hellip;]","og_url":"https:\/\/comprarcoca.co\/?page_id=21","og_site_name":"comprar cocaina madrid \u2013 50 euros gramo \u2013 VENDO COCAINA EN MADRID \u2013 Env\u00edos a toda Espa\u00f1a \u2013 PANTERAROSA1772@GMAIL.COM \u2013 visita www.telecocamadrid.com en mano y envios \u2013 pillar coca en madrid \u2013 Nuevo whatsapp Telegram (Mejor) \u2013 Nuevo whatsapp y SIGNAL \u2013 Principal Whatsapp+34627158376 SIGNAL \u2013+34617763108 - whatsapp signal telegram \u2013 Threema: CJBZ5SZX \u2013 Nestor","twitter_card":"summary_large_image","twitter_misc":{"Tiempo de lectura":"2 minutos"},"schema":{"@context":"https:\/\/schema.org","@graph":[{"@type":"WebPage","@id":"https:\/\/comprarcoca.co\/?page_id=21","url":"https:\/\/comprarcoca.co\/?page_id=21","name":"metatags3 - comprar cocaina madrid \u2013 50 euros gramo \u2013 VENDO COCAINA EN MADRID \u2013 Env\u00edos a toda Espa\u00f1a \u2013 PANTERAROSA1772@GMAIL.COM \u2013 visita www.telecocamadrid.com en mano y envios \u2013 pillar coca en madrid \u2013 Nuevo whatsapp Telegram (Mejor) \u2013 Nuevo whatsapp y SIGNAL \u2013 Principal Whatsapp+34627158376 SIGNAL \u2013+34617763108 - whatsapp signal telegram \u2013 Threema: CJBZ5SZX \u2013 Nestor","isPartOf":{"@id":"https:\/\/comprarcoca.co\/#website"},"datePublished":"2024-11-15T02:41:12+00:00","breadcrumb":{"@id":"https:\/\/comprarcoca.co\/?page_id=21#breadcrumb"},"inLanguage":"es","potentialAction":[{"@type":"ReadAction","target":["https:\/\/comprarcoca.co\/?page_id=21"]}]},{"@type":"BreadcrumbList","@id":"https:\/\/comprarcoca.co\/?page_id=21#breadcrumb","itemListElement":[{"@type":"ListItem","position":1,"name":"Portada","item":"https:\/\/comprarcoca.co\/"},{"@type":"ListItem","position":2,"name":"metatags3"}]},{"@type":"WebSite","@id":"https:\/\/comprarcoca.co\/#website","url":"https:\/\/comprarcoca.co\/","name":"comprar cocaina madrid \u2013 50 euros gramo \u2013 VENDO COCAINA EN MADRID \u2013 Env\u00edos a toda Espa\u00f1a \u2013 PANTERAROSA1772@GMAIL.COM \u2013 visita www.telecocamadrid.com en mano y envios \u2013 pillar coca en madrid \u2013 Nuevo whatsapp Telegram (Mejor) \u2013 Nuevo whatsapp y SIGNAL \u2013 Principal Whatsapp+34627158376 SIGNAL \u2013 Jay \u2013 +34666268692 Whatsapp SIGNAL \u2013 Nestor","description":"vendo coca a domicilio cordoba, vendo cocaina a domicilio cordoba, vendo coca a domicilio gijon, vendo cocaina a domicilio gijon, vendo coca a domicilio santander, vendo cocaina a domicilio santander, vendo coca a domicilio logro\u00f1o, vendo cocaina a domicilio logro\u00f1o,  visita www.telecocamadrid.comvendo coca a domicilio teruel, vendo cocaina a domicilio teruel, vendo coca a domicilio santa cruz de tenerife, vendo cocaina a domicilio santa cruz de tenerife, vendo coca a domicilio alcala de henares, vendo cocaina a domicilio alcala de henares, vendo coca a domicilio vigo, vendo cocaina a domicilio vigo, ven do coca a domicilio guadalajara, vendo cocaina a domicilio guadalajara, vendo coca a domicilio murcia, vendo cocaina a domicilio murcioa, vendo coca a domicilio almeria, vendo cocaina a domicilio almeria, vendo coca a comprar farlopa en barcelona domicilio leon, vendo cocaina a domicilio leon, vendo coca a domicilio zamora, vendo cocaina a domicilio zamora, vendo coca a domicilio castellon de la plana, vendo cocaina a domicilio castellon de la plana, vendo coca a domicilio albacete, compro cocaina a domicilio albacete, vendo coca a domicilio ciudad real, vendo cocaina a domicilio ciudad real, vendo coca a domicilio orense, vendo cocaina a domicilio orense, vendo coca a domicilio cartagena, vendo cocaina a domicilio cartagena, vendo coca a domicilio huelva, vendo cocaina a domicilio huelva, vendo coca a domicilio jerez de la frontera, vendo cocaina a domicilio jerez de la frontera, vendo coca a domicilio soria, vendo cocaina a domicilio soria comprar coca en Madrid, comprar coca en \u00abEspa\u00f1a\u00bb, venta de coca\u00edna, como comprar coca, como comprar coca domicilio, donde comprar coca, donde consigo coca, comprar coca\u00edna, donde puedo conseguir coca\u00edna, necesito comprar coca\u00edna, necesito compra coca,","publisher":{"@id":"https:\/\/comprarcoca.co\/#organization"},"potentialAction":[{"@type":"SearchAction","target":{"@type":"EntryPoint","urlTemplate":"https:\/\/comprarcoca.co\/?s={search_term_string}"},"query-input":{"@type":"PropertyValueSpecification","valueRequired":true,"valueName":"search_term_string"}}],"inLanguage":"es"},{"@type":"Organization","@id":"https:\/\/comprarcoca.co\/#organization","name":"comprar cocaina madrid \u2013 50 euros gramo \u2013 VENDO COCAINA EN MADRID \u2013 Env\u00edos a toda Espa\u00f1a \u2013 PANTERAROSA1772@GMAIL.COM \u2013 visita www.telecocamadrid.com en mano y envios \u2013 pillar coca en madrid \u2013 Nuevo whatsapp Telegram (Mejor) \u2013 Nuevo whatsapp y SIGNAL \u2013 Principal Whatsapp+34627158376 SIGNAL \u2013 Jay \u2013 +34666268692 Whatsapp SIGNAL \u2013 Nestor","url":"https:\/\/comprarcoca.co\/","logo":{"@type":"ImageObject","inLanguage":"es","@id":"https:\/\/comprarcoca.co\/#\/schema\/logo\/image\/","url":"https:\/\/comprarcoca.co\/wp-content\/uploads\/2024\/11\/cropped-ketamine2.jpg","contentUrl":"https:\/\/comprarcoca.co\/wp-content\/uploads\/2024\/11\/cropped-ketamine2.jpg","width":512,"height":512,"caption":"comprar cocaina madrid \u2013 50 euros gramo \u2013 VENDO COCAINA EN MADRID \u2013 Env\u00edos a toda Espa\u00f1a \u2013 PANTERAROSA1772@GMAIL.COM \u2013 visita www.telecocamadrid.com en mano y envios \u2013 pillar coca en madrid \u2013 Nuevo whatsapp Telegram (Mejor) \u2013 Nuevo whatsapp y SIGNAL \u2013 Principal Whatsapp+34627158376 SIGNAL \u2013 Jay \u2013 +34666268692 Whatsapp SIGNAL \u2013 Nestor"},"image":{"@id":"https:\/\/comprarcoca.co\/#\/schema\/logo\/image\/"}}]}},"_links":{"self":[{"href":"https:\/\/comprarcoca.co\/index.php?rest_route=\/wp\/v2\/pages\/21","targetHints":{"allow":["GET"]}}],"collection":[{"href":"https:\/\/comprarcoca.co\/index.php?rest_route=\/wp\/v2\/pages"}],"about":[{"href":"https:\/\/comprarcoca.co\/index.php?rest_route=\/wp\/v2\/types\/page"}],"author":[{"embeddable":true,"href":"https:\/\/comprarcoca.co\/index.php?rest_route=\/wp\/v2\/users\/1"}],"replies":[{"embeddable":true,"href":"https:\/\/comprarcoca.co\/index.php?rest_route=%2Fwp%2Fv2%2Fcomments&post=21"}],"version-history":[{"count":0,"href":"https:\/\/comprarcoca.co\/index.php?rest_route=\/wp\/v2\/pages\/21\/revisions"}],"wp:attachment":[{"href":"https:\/\/comprarcoca.co\/index.php?rest_route=%2Fwp%2Fv2%2Fmedia&parent=21"}],"curies":[{"name":"wp","href":"https:\/\/api.w.org\/{rel}","templated":true}]}}